{"id":54,"date":"2010-08-12T21:01:59","date_gmt":"2010-08-12T19:01:59","guid":{"rendered":"http:\/\/roan.junselebyar.se\/nyheter\/?page_id=54"},"modified":"2015-04-14T12:54:50","modified_gmt":"2015-04-14T10:54:50","slug":"byn","status":"publish","type":"page","link":"https:\/\/roan.junselebyar.se\/?page_id=54","title":{"rendered":"Byn"},"content":{"rendered":"<div id=\"attachment_377\" style=\"width: 450px\" class=\"wp-caption alignnone\"><a href=\"http:\/\/roan.junselebyar.se\/nyheter\/wp-content\/uploads\/2010\/08\/start_left_text11.jpg\"><img loading=\"lazy\" decoding=\"async\" aria-describedby=\"caption-attachment-377\" class=\"size-full wp-image-377 \" title=\"M\u00e5lning: Brita Isaksson\" src=\"http:\/\/roan.junselebyar.se\/nyheter\/wp-content\/uploads\/2010\/08\/start_left_text11.jpg\" alt=\"start_left_text1\" width=\"440\" height=\"359\" srcset=\"https:\/\/roan.junselebyar.se\/nyheter\/wp-content\/uploads\/2010\/08\/start_left_text11.jpg 440w, https:\/\/roan.junselebyar.se\/nyheter\/wp-content\/uploads\/2010\/08\/start_left_text11-300x244.jpg 300w\" sizes=\"auto, (max-width: 440px) 100vw, 440px\" \/><\/a><p id=\"caption-attachment-377\" class=\"wp-caption-text\">M\u00e5lning: Brita Isaksson<\/p><\/div>\n<table border=\"0\" width=\"60%\">\n<tbody>\n<tr>\n<td>\n<ul>\n<li><strong>F\u00f6retag:<\/strong><\/li>\n<li><strong><em><a href=\"http:\/\/www.roansmobler.se\/\" target=\"_blank\">R\u00f6\u00e5ns M\u00f6bler<\/a><\/em><\/strong><\/li>\n<li><strong><em>R\u00f6\u00e5ns Tunnbr\u00f6d <\/em><\/strong><\/li>\n<li><strong><em><a href=\"http:\/\/roan.junselebyar.se\/sprak.html\" target=\"_blank\">Spr\u00e5kmakarna &amp; s\u00f6ner<\/a><\/em><\/strong><\/li>\n<li><strong><em><strong><em><a href=\"http:\/\/www.solhalsning.se\" target=\"_blank\">Solh\u00e4lsning HB<\/a><br \/>\n<\/em><\/strong><\/em><\/strong><\/li>\n<li><strong><em><a href=\"http:\/\/roan.junselebyar.se\/svante.html\" target=\"_blank\">Svante Selin<\/a><\/em><\/strong><\/li>\n<li><strong><em><a href=\"http:\/\/www.taranatur.junselebyar.se\/\" target=\"_blank\">Tara Naturprodukter<\/a><\/em><\/strong><\/li>\n<li><strong><em><br \/>\n<\/em><\/strong><\/li>\n<li><strong>F\u00f6reningar<em> <\/em>: <\/strong><\/li>\n<li><strong><em><a href=\"http:\/\/roan.junselebyar.se\/byalag.html\" target=\"_blank\">R\u00f6\u00e5ns Byalag<\/a><\/em><\/strong><\/li>\n<li><strong><em><a href=\"http:\/\/roan.junselebyar.se\/fiske.html\" target=\"_blank\">R\u00f6\u00e5ns FVO<\/a><\/em><\/strong><\/li>\n<li><strong><em><a href=\"http:\/\/roan.junselebyar.se\/skytte.html\" target=\"_blank\">R\u00f6\u00e5ns SK <\/a><\/em><\/strong><\/li>\n<li><strong><em> <\/em><\/strong><\/li>\n<li><strong>Mus\u00e9er<em>:<\/em><\/strong><\/li>\n<li><strong><em><a href=\"http:\/\/roan.junselebyar.se\/museum.html\" target=\"_blank\">G\u00e5rdsmuseum<\/a><\/em><\/strong><\/li>\n<li><strong><em>Samlar\u00b4n<\/em><\/strong><\/li>\n<li><strong><em> <\/em><\/strong><\/li>\n<li><strong>Aktiviteter:<\/strong><\/li>\n<li><strong><em><a href=\"http:\/\/roan.junselebyar.se\/berattartot.html\" target=\"_blank\">ber\u00e4ttarkv\u00e4llar<\/a><\/em><\/strong><\/li>\n<li><strong><em><a href=\"http:\/\/roan.junselebyar.se\/bovagen.html\" target=\"_blank\">namnskyltprojekt<\/a><\/em><\/strong><\/li>\n<li><strong><em><a href=\"http:\/\/roan.junselebyar.se\/namn.html\" target=\"_blank\">r\u00f6jningar<\/a><\/em><\/strong><\/li>\n<li><strong> <\/strong><\/li>\n<li><strong>Kultur:<\/strong><\/li>\n<li><strong><em><a href=\"http:\/\/roan.junselebyar.se\/rickard.html\" target=\"_blank\">Rickard Sj\u00f6din<\/a><\/em><\/strong><\/li>\n<li><strong><em><a href=\"http:\/\/roan.junselebyar.se\/roanboken.html\" target=\"_blank\">Jerker Sj\u00f6din<\/a><\/em><\/strong><\/li>\n<li><strong><em>Margareta Klingberg <\/em><\/strong><\/li>\n<\/ul>\n<\/td>\n<\/tr>\n<\/tbody>\n<\/table>\n","protected":false},"excerpt":{"rendered":"<p>F\u00f6retag: R\u00f6\u00e5ns M\u00f6bler R\u00f6\u00e5ns Tunnbr\u00f6d Spr\u00e5kmakarna &amp; s\u00f6ner Solh\u00e4lsning HB Svante Selin Tara Naturprodukter F\u00f6reningar : R\u00f6\u00e5ns Byalag R\u00f6\u00e5ns FVO R\u00f6\u00e5ns SK Mus\u00e9er: G\u00e5rdsmuseum Samlar\u00b4n Aktiviteter: ber\u00e4ttarkv\u00e4llar namnskyltprojekt r\u00f6jningar Kultur: Rickard Sj\u00f6din Jerker Sj\u00f6din Margareta Klingberg<\/p>\n","protected":false},"author":1,"featured_media":0,"parent":0,"menu_order":2,"comment_status":"open","ping_status":"open","template":"","meta":{"footnotes":""},"class_list":["post-54","page","type-page","status-publish","hentry"],"_links":{"self":[{"href":"https:\/\/roan.junselebyar.se\/index.php?rest_route=\/wp\/v2\/pages\/54","targetHints":{"allow":["GET"]}}],"collection":[{"href":"https:\/\/roan.junselebyar.se\/index.php?rest_route=\/wp\/v2\/pages"}],"about":[{"href":"https:\/\/roan.junselebyar.se\/index.php?rest_route=\/wp\/v2\/types\/page"}],"author":[{"embeddable":true,"href":"https:\/\/roan.junselebyar.se\/index.php?rest_route=\/wp\/v2\/users\/1"}],"replies":[{"embeddable":true,"href":"https:\/\/roan.junselebyar.se\/index.php?rest_route=%2Fwp%2Fv2%2Fcomments&post=54"}],"version-history":[{"count":21,"href":"https:\/\/roan.junselebyar.se\/index.php?rest_route=\/wp\/v2\/pages\/54\/revisions"}],"predecessor-version":[{"id":75,"href":"https:\/\/roan.junselebyar.se\/index.php?rest_route=\/wp\/v2\/pages\/54\/revisions\/75"}],"wp:attachment":[{"href":"https:\/\/roan.junselebyar.se\/index.php?rest_route=%2Fwp%2Fv2%2Fmedia&parent=54"}],"curies":[{"name":"wp","href":"https:\/\/api.w.org\/{rel}","templated":true}]}}