{"id":649,"date":"2011-02-20T17:20:29","date_gmt":"2011-02-20T16:20:29","guid":{"rendered":"http:\/\/roan.junselebyar.se\/?page_id=649"},"modified":"2011-02-20T18:38:54","modified_gmt":"2011-02-20T17:38:54","slug":"i","status":"publish","type":"page","link":"https:\/\/roan.junselebyar.se\/?page_id=649","title":{"rendered":"G\u00e4stboken"},"content":{"rendered":"<!-- WP-ViperGB v1.6.2 -->\n<div id=\"gbHeader\" class=\"alignwide\"><div id=\"gbNavLinks\">Visa G\u00e4stbok | <a href=\"\/index.php?rest_route=%2Fwp%2Fv2%2Fpages%2F649&#038;sign=1\">Skriv i G\u00e4stbok<\/a><\/div><div class=\"gbPagination\"><div class=\"pagination\"><span class=\"disabled\">&laquo; prev<\/span><span class=\"current\">1<\/span><a href=\"https:\/\/roan.junselebyar.se\/?page_id=649?cpage=2\">2<\/a><a href=\"https:\/\/roan.junselebyar.se\/?page_id=649?cpage=3\">3<\/a><a href=\"https:\/\/roan.junselebyar.se\/?page_id=649?cpage=4\">4<\/a><a href=\"https:\/\/roan.junselebyar.se\/?page_id=649?cpage=5\">5<\/a><span class=\"elipses\">...<\/span><a href=\"https:\/\/roan.junselebyar.se\/?page_id=649?cpage=19\">19<\/a><a href=\"https:\/\/roan.junselebyar.se\/?page_id=649?cpage=20\">20<\/a><a href=\"https:\/\/roan.junselebyar.se\/?page_id=649?cpage=2\">next &raquo;<\/a><\/div>\n<\/div>    <div id=\"gbEntriesWrap\" class=\"alignwide\">\r\n              <table class=\"gbEntry page-nav\">\r\n          <tr>\r\n            <td class=\"gbEntryLeft\" rowspan=\"3\">\r\n              <table class=\"nocellspacing\">\r\n                <tr>\r\n                  <td class=\"leftSide\">Entry#:<\/td>\r\n                  <td class=\"rightSide\">\r\n                    194                  <\/td>\r\n                <\/tr>\r\n                <tr>\r\n                  <td class=\"leftSide vtop\">Datum:<\/td>\r\n                  <td class=\"rightSide\">\r\n                    m\u00e5ndag<br \/>20:34<br \/>09.02.2026                  <\/td>\r\n                <\/tr>\r\n              <\/table>\r\n            <\/td>\r\n            <td class=\"gbEntryTop\">\r\n              <div class=\"gbAuthor\">\r\n                <img decoding=\"async\" alt=\"ip\" src=\"https:\/\/roan.junselebyar.se\/nyheter\/wp-content\/plugins\/wp-vipergb\/img\/ip.gif\" \/> test              <\/div>\r\n              <div class=\"gbFlagAndBrowser\">\r\n                              <\/div>\r\n            <\/td>\r\n          <\/tr>\r\n          <tr>\r\n            <td class=\"gbEntryContent\">\r\n              <p>Test<\/p>\n            <\/td>\r\n          <\/tr>\r\n          <tr>\r\n            <td class=\"gbEntryBottom\">\r\n                              <img decoding=\"async\" alt=\"\" src=\"https:\/\/roan.junselebyar.se\/nyheter\/wp-content\/plugins\/wp-vipergb\/img\/email.gif\" \/> &lt;Visas ej&gt;<br \/>\r\n                                        <\/td>\r\n          <\/tr>\r\n        <\/table>\r\n              <table class=\"gbEntry page-nav\">\r\n          <tr>\r\n            <td class=\"gbEntryLeft\" rowspan=\"3\">\r\n              <table class=\"nocellspacing\">\r\n                <tr>\r\n                  <td class=\"leftSide\">Entry#:<\/td>\r\n                  <td class=\"rightSide\">\r\n                    193                  <\/td>\r\n                <\/tr>\r\n                <tr>\r\n                  <td class=\"leftSide vtop\">Datum:<\/td>\r\n                  <td class=\"rightSide\">\r\n                    torsdag<br \/>23:42<br \/>20.01.2022                  <\/td>\r\n                <\/tr>\r\n              <\/table>\r\n            <\/td>\r\n            <td class=\"gbEntryTop\">\r\n              <div class=\"gbAuthor\">\r\n                <img decoding=\"async\" alt=\"ip\" src=\"https:\/\/roan.junselebyar.se\/nyheter\/wp-content\/plugins\/wp-vipergb\/img\/ip.gif\" \/> Helena              <\/div>\r\n              <div class=\"gbFlagAndBrowser\">\r\n                              <\/div>\r\n            <\/td>\r\n          <\/tr>\r\n          <tr>\r\n            <td class=\"gbEntryContent\">\r\n              <p>Sp\u00e4nnande l\u00e4sning om R\u00f6\u00e5n.<\/p>\n            <\/td>\r\n          <\/tr>\r\n          <tr>\r\n            <td class=\"gbEntryBottom\">\r\n                              <img decoding=\"async\" alt=\"\" src=\"https:\/\/roan.junselebyar.se\/nyheter\/wp-content\/plugins\/wp-vipergb\/img\/email.gif\" \/> &lt;Visas ej&gt;<br \/>\r\n                                        <\/td>\r\n          <\/tr>\r\n        <\/table>\r\n              <table class=\"gbEntry page-nav\">\r\n          <tr>\r\n            <td class=\"gbEntryLeft\" rowspan=\"3\">\r\n              <table class=\"nocellspacing\">\r\n                <tr>\r\n                  <td class=\"leftSide\">Entry#:<\/td>\r\n                  <td class=\"rightSide\">\r\n                    192                  <\/td>\r\n                <\/tr>\r\n                <tr>\r\n                  <td class=\"leftSide vtop\">Datum:<\/td>\r\n                  <td class=\"rightSide\">\r\n                    m\u00e5ndag<br \/>19:28<br \/>23.12.2019                  <\/td>\r\n                <\/tr>\r\n              <\/table>\r\n            <\/td>\r\n            <td class=\"gbEntryTop\">\r\n              <div class=\"gbAuthor\">\r\n                <img decoding=\"async\" alt=\"ip\" src=\"https:\/\/roan.junselebyar.se\/nyheter\/wp-content\/plugins\/wp-vipergb\/img\/ip.gif\" \/> Vanja Tarberg              <\/div>\r\n              <div class=\"gbFlagAndBrowser\">\r\n                              <\/div>\r\n            <\/td>\r\n          <\/tr>\r\n          <tr>\r\n            <td class=\"gbEntryContent\">\r\n              <p>God Jul och Gott Nytt \u00c5r \u00f6nskar Vanja och S\u00f6ren i L\u00e5ngsele<\/p>\n            <\/td>\r\n          <\/tr>\r\n          <tr>\r\n            <td class=\"gbEntryBottom\">\r\n                              <img decoding=\"async\" alt=\"\" src=\"https:\/\/roan.junselebyar.se\/nyheter\/wp-content\/plugins\/wp-vipergb\/img\/email.gif\" \/> &lt;Visas ej&gt;<br \/>\r\n                                        <\/td>\r\n          <\/tr>\r\n        <\/table>\r\n              <table class=\"gbEntry page-nav\">\r\n          <tr>\r\n            <td class=\"gbEntryLeft\" rowspan=\"3\">\r\n              <table class=\"nocellspacing\">\r\n                <tr>\r\n                  <td class=\"leftSide\">Entry#:<\/td>\r\n                  <td class=\"rightSide\">\r\n                    191                  <\/td>\r\n                <\/tr>\r\n                <tr>\r\n                  <td class=\"leftSide vtop\">Datum:<\/td>\r\n                  <td class=\"rightSide\">\r\n                    torsdag<br \/>18:36<br \/>19.12.2019                  <\/td>\r\n                <\/tr>\r\n              <\/table>\r\n            <\/td>\r\n            <td class=\"gbEntryTop\">\r\n              <div class=\"gbAuthor\">\r\n                <img decoding=\"async\" alt=\"ip\" src=\"https:\/\/roan.junselebyar.se\/nyheter\/wp-content\/plugins\/wp-vipergb\/img\/ip.gif\" \/> Jacke              <\/div>\r\n              <div class=\"gbFlagAndBrowser\">\r\n                              <\/div>\r\n            <\/td>\r\n          <\/tr>\r\n          <tr>\r\n            <td class=\"gbEntryContent\">\r\n              <p>Hej byalaget och stort tack f\u00f6r \u00e5rets julbrev. Jag blir alltid varm i hj\u00e4rtat n\u00e4r jag f\u00e5r det. Precis som jag blir varm i hj\u00e4rtat n\u00e4r Britt riktat kameran \u00f6ver mot annersia och lagt ut n\u00e5t p\u00e5 Facebook. D\u00e5 sitter jag och zoomar och tittar och gl\u00e4ds och minns. <\/p>\n<p>Tack och god jul! \/ Jacke Sj\u00f6din<\/p>\n            <\/td>\r\n          <\/tr>\r\n          <tr>\r\n            <td class=\"gbEntryBottom\">\r\n                              <img decoding=\"async\" alt=\"\" src=\"https:\/\/roan.junselebyar.se\/nyheter\/wp-content\/plugins\/wp-vipergb\/img\/email.gif\" \/> &lt;Visas ej&gt;<br \/>\r\n                                        <\/td>\r\n          <\/tr>\r\n        <\/table>\r\n              <table class=\"gbEntry page-nav\">\r\n          <tr>\r\n            <td class=\"gbEntryLeft\" rowspan=\"3\">\r\n              <table class=\"nocellspacing\">\r\n                <tr>\r\n                  <td class=\"leftSide\">Entry#:<\/td>\r\n                  <td class=\"rightSide\">\r\n                    190                  <\/td>\r\n                <\/tr>\r\n                <tr>\r\n                  <td class=\"leftSide vtop\">Datum:<\/td>\r\n                  <td class=\"rightSide\">\r\n                    torsdag<br \/>09:14<br \/>19.12.2019                  <\/td>\r\n                <\/tr>\r\n              <\/table>\r\n            <\/td>\r\n            <td class=\"gbEntryTop\">\r\n              <div class=\"gbAuthor\">\r\n                <img decoding=\"async\" alt=\"ip\" src=\"https:\/\/roan.junselebyar.se\/nyheter\/wp-content\/plugins\/wp-vipergb\/img\/ip.gif\" \/> Brita Isaksson              <\/div>\r\n              <div class=\"gbFlagAndBrowser\">\r\n                              <\/div>\r\n            <\/td>\r\n          <\/tr>\r\n          <tr>\r\n            <td class=\"gbEntryContent\">\r\n              <p>Ja, s\u00e5 kan det vara.<br \/>\nNu \u00f6nskar jag i alla fall Dig och andra ev. hemsidebes\u00f6kare en<br \/>\n RIKTIGT GOD JUL och ETT GOTT NYTT \u00c5R!<br \/>\n\/Brita<\/p>\n            <\/td>\r\n          <\/tr>\r\n          <tr>\r\n            <td class=\"gbEntryBottom\">\r\n                              <img decoding=\"async\" alt=\"\" src=\"https:\/\/roan.junselebyar.se\/nyheter\/wp-content\/plugins\/wp-vipergb\/img\/email.gif\" \/> &lt;Visas ej&gt;<br \/>\r\n                                        <\/td>\r\n          <\/tr>\r\n        <\/table>\r\n              <table class=\"gbEntry page-nav\">\r\n          <tr>\r\n            <td class=\"gbEntryLeft\" rowspan=\"3\">\r\n              <table class=\"nocellspacing\">\r\n                <tr>\r\n                  <td class=\"leftSide\">Entry#:<\/td>\r\n                  <td class=\"rightSide\">\r\n                    189                  <\/td>\r\n                <\/tr>\r\n                <tr>\r\n                  <td class=\"leftSide vtop\">Datum:<\/td>\r\n                  <td class=\"rightSide\">\r\n                    l\u00f6rdag<br \/>13:07<br \/>16.11.2019                  <\/td>\r\n                <\/tr>\r\n              <\/table>\r\n            <\/td>\r\n            <td class=\"gbEntryTop\">\r\n              <div class=\"gbAuthor\">\r\n                <img decoding=\"async\" alt=\"ip\" src=\"https:\/\/roan.junselebyar.se\/nyheter\/wp-content\/plugins\/wp-vipergb\/img\/ip.gif\" \/> B-G Danielsson              <\/div>\r\n              <div class=\"gbFlagAndBrowser\">\r\n                              <\/div>\r\n            <\/td>\r\n          <\/tr>\r\n          <tr>\r\n            <td class=\"gbEntryContent\">\r\n              <p>Nog m\u00e5ste det vara fler \u00e4n jag som bes\u00f6ker hemsidan!<br \/>\nAndra \u00e4r kanske f\u00f6rsiktiga att ge kommentarer?<\/p>\n            <\/td>\r\n          <\/tr>\r\n          <tr>\r\n            <td class=\"gbEntryBottom\">\r\n                              <img decoding=\"async\" alt=\"\" src=\"https:\/\/roan.junselebyar.se\/nyheter\/wp-content\/plugins\/wp-vipergb\/img\/email.gif\" \/> &lt;Visas ej&gt;<br \/>\r\n                                        <\/td>\r\n          <\/tr>\r\n        <\/table>\r\n              <table class=\"gbEntry page-nav\">\r\n          <tr>\r\n            <td class=\"gbEntryLeft\" rowspan=\"3\">\r\n              <table class=\"nocellspacing\">\r\n                <tr>\r\n                  <td class=\"leftSide\">Entry#:<\/td>\r\n                  <td class=\"rightSide\">\r\n                    188                  <\/td>\r\n                <\/tr>\r\n                <tr>\r\n                  <td class=\"leftSide vtop\">Datum:<\/td>\r\n                  <td class=\"rightSide\">\r\n                    m\u00e5ndag<br \/>18:12<br \/>11.11.2019                  <\/td>\r\n                <\/tr>\r\n              <\/table>\r\n            <\/td>\r\n            <td class=\"gbEntryTop\">\r\n              <div class=\"gbAuthor\">\r\n                <img decoding=\"async\" alt=\"ip\" src=\"https:\/\/roan.junselebyar.se\/nyheter\/wp-content\/plugins\/wp-vipergb\/img\/ip.gif\" \/> Brita Isaksson              <\/div>\r\n              <div class=\"gbFlagAndBrowser\">\r\n                              <\/div>\r\n            <\/td>\r\n          <\/tr>\r\n          <tr>\r\n            <td class=\"gbEntryContent\">\r\n              <p>Hej p\u00e5 Dig igen!<br \/>\nOch det kommer fler bilder snart. Och det kommer s\u00e4kerligen en massa mer om vindkraft ocks\u00e5 n\u00e4r tid ges. N\u00e4r vi nu har EN l\u00e4sare av denna sida m\u00e5ste vi ju f\u00f6rs\u00f6ka underh\u00e5lla honom.<br \/>\n\/Brita<\/p>\n            <\/td>\r\n          <\/tr>\r\n          <tr>\r\n            <td class=\"gbEntryBottom\">\r\n                              <img decoding=\"async\" alt=\"\" src=\"https:\/\/roan.junselebyar.se\/nyheter\/wp-content\/plugins\/wp-vipergb\/img\/email.gif\" \/> &lt;Visas ej&gt;<br \/>\r\n                                        <\/td>\r\n          <\/tr>\r\n        <\/table>\r\n              <table class=\"gbEntry page-nav\">\r\n          <tr>\r\n            <td class=\"gbEntryLeft\" rowspan=\"3\">\r\n              <table class=\"nocellspacing\">\r\n                <tr>\r\n                  <td class=\"leftSide\">Entry#:<\/td>\r\n                  <td class=\"rightSide\">\r\n                    187                  <\/td>\r\n                <\/tr>\r\n                <tr>\r\n                  <td class=\"leftSide vtop\">Datum:<\/td>\r\n                  <td class=\"rightSide\">\r\n                    onsdag<br \/>19:39<br \/>06.11.2019                  <\/td>\r\n                <\/tr>\r\n              <\/table>\r\n            <\/td>\r\n            <td class=\"gbEntryTop\">\r\n              <div class=\"gbAuthor\">\r\n                <img decoding=\"async\" alt=\"ip\" src=\"https:\/\/roan.junselebyar.se\/nyheter\/wp-content\/plugins\/wp-vipergb\/img\/ip.gif\" \/> B-G Danielsson              <\/div>\r\n              <div class=\"gbFlagAndBrowser\">\r\n                              <\/div>\r\n            <\/td>\r\n          <\/tr>\r\n          <tr>\r\n            <td class=\"gbEntryContent\">\r\n              <p>Tack Brita och Meta.<br \/>\nUnderbara bilder f\u00f6r en \u00e4ttling till en gammal R\u00f6\u00e5-familj<br \/>\nBosse<\/p>\n            <\/td>\r\n          <\/tr>\r\n          <tr>\r\n            <td class=\"gbEntryBottom\">\r\n                              <img decoding=\"async\" alt=\"\" src=\"https:\/\/roan.junselebyar.se\/nyheter\/wp-content\/plugins\/wp-vipergb\/img\/email.gif\" \/> &lt;Visas ej&gt;<br \/>\r\n                                        <\/td>\r\n          <\/tr>\r\n        <\/table>\r\n              <table class=\"gbEntry page-nav\">\r\n          <tr>\r\n            <td class=\"gbEntryLeft\" rowspan=\"3\">\r\n              <table class=\"nocellspacing\">\r\n                <tr>\r\n                  <td class=\"leftSide\">Entry#:<\/td>\r\n                  <td class=\"rightSide\">\r\n                    186                  <\/td>\r\n                <\/tr>\r\n                <tr>\r\n                  <td class=\"leftSide vtop\">Datum:<\/td>\r\n                  <td class=\"rightSide\">\r\n                    s\u00f6ndag<br \/>09:35<br \/>13.10.2019                  <\/td>\r\n                <\/tr>\r\n              <\/table>\r\n            <\/td>\r\n            <td class=\"gbEntryTop\">\r\n              <div class=\"gbAuthor\">\r\n                <img decoding=\"async\" alt=\"ip\" src=\"https:\/\/roan.junselebyar.se\/nyheter\/wp-content\/plugins\/wp-vipergb\/img\/ip.gif\" \/> Brita Isaksson              <\/div>\r\n              <div class=\"gbFlagAndBrowser\">\r\n                              <\/div>\r\n            <\/td>\r\n          <\/tr>\r\n          <tr>\r\n            <td class=\"gbEntryContent\">\r\n              <p>Aj, aj, aj!<br \/>\nTog jag i f\u00f6r h\u00e5rt? Det var inte min avsikt och om jag s\u00e5rat Dig ber jag om urs\u00e4kt. Jag skall \u00e4ven sk\u00e4rpa mig och f\u00f6r\u00f6ka l\u00e4gga ut litet annat \u00e4n vindkraft fram\u00f6ver.<br \/>\nDu skriver : \u201dKommer dock forts\u00e4ttningsvis vara fr\u00e5gande till din tidigare \u00e5sikt att f\u00f6r att r\u00e4dda R\u00f6\u00e5n, s\u00e5 var du pro f\u00f6r vindkraft.\u201d och d\u00e4r \u00e4r vi faktiskt helt \u00f6verens. \u00c4ven jag st\u00e4ller mig i dagsl\u00e4get fr\u00e5gande till denna \u00e5sikt, som jag bevisligen hade 2008, n\u00e4r Statkraft\/SCA slutligen gav upp. P\u00e5 sidan <a href=\"http:\/\/raddaroan.junselebyar.se\/vartsistapress.html\" rel=\"nofollow ugc\">http:\/\/raddaroan.junselebyar.se\/vartsistapress.html<\/a> kan Du l\u00e4sa R\u00e4dda R\u00f6\u00e5ns sista pressmeddelande, d\u00e4r vi- allts\u00e5 \u00e4ven jag- \u00f6nskar dem lycka till med kommande vindkraftsatsningar.<br \/>\nTill \u201df\u00f6rsvar\u201d kan jag anf\u00f6ra att detta h\u00e4nde \u00e5r 2008 och jag saknade uppenbarligen fantasi nog att f\u00f6rutse vilka orimliga proportioner vindkraften skulle ta. Jag ins\u00e5g inte att Norrland skulle utvecklas till \u201dlovligt byte\u201d f\u00f6r allsk\u00f6ns f\u00f6retag, som f\u00f6r att berika sig exploaterar v\u00e5r natur, v\u00e5r milj\u00f6. Nu \u00e4gs vindkraftindustrierna h\u00e4r allt oftare av utl\u00e4ndska intressen. Det \u00e4r mer eller mindre \u201dfritt fram\u201d att vindindustrialisera \u00e4ven v\u00e5ra vackraste \u00e4lvdalar. Vi h\u00e5ller p\u00e5 att utvecklas till \u2026.nej vi \u00e4r redan\u2026 en \u201dbananrepublik\u201d, som drar till sig allsk\u00f6ns riskkapitalister. Och v\u00e4rre verkar det bli.<br \/>\nS\u00e5 om det kan vara en tr\u00f6st f\u00f6r Dig s\u00e5 k\u00e4mpar jag med fler i motvind; vi kommer att g\u00e5 fr\u00e5n motg\u00e5ng till motg\u00e5ng. Men jag kommer \u00e4nd\u00e5 att forts\u00e4tta att k\u00e4mpa f\u00f6r naturen, milj\u00f6n, drabbade m\u00e4nniskor och djur, den biologiska m\u00e5ngfalden och de h\u00f6ga bergens speciella ekosystem s\u00e5 l\u00e4nge jag kan andas. En stor sorg \u00e4r att jag som motst\u00e5ndare har politiker, som i teorin s\u00e4ger sig st\u00e5 p\u00e5 \u201dfolkets\u201d sida MOT kapitalet men i praktiken g\u00f6r det motsatta.<br \/>\n\/Brita<\/p>\n            <\/td>\r\n          <\/tr>\r\n          <tr>\r\n            <td class=\"gbEntryBottom\">\r\n                              <img decoding=\"async\" alt=\"\" src=\"https:\/\/roan.junselebyar.se\/nyheter\/wp-content\/plugins\/wp-vipergb\/img\/email.gif\" \/> &lt;Visas ej&gt;<br \/>\r\n                                        <\/td>\r\n          <\/tr>\r\n        <\/table>\r\n              <table class=\"gbEntry page-nav\">\r\n          <tr>\r\n            <td class=\"gbEntryLeft\" rowspan=\"3\">\r\n              <table class=\"nocellspacing\">\r\n                <tr>\r\n                  <td class=\"leftSide\">Entry#:<\/td>\r\n                  <td class=\"rightSide\">\r\n                    185                  <\/td>\r\n                <\/tr>\r\n                <tr>\r\n                  <td class=\"leftSide vtop\">Datum:<\/td>\r\n                  <td class=\"rightSide\">\r\n                    l\u00f6rdag<br \/>19:15<br \/>12.10.2019                  <\/td>\r\n                <\/tr>\r\n              <\/table>\r\n            <\/td>\r\n            <td class=\"gbEntryTop\">\r\n              <div class=\"gbAuthor\">\r\n                <img decoding=\"async\" alt=\"ip\" src=\"https:\/\/roan.junselebyar.se\/nyheter\/wp-content\/plugins\/wp-vipergb\/img\/ip.gif\" \/> B-G Danielsson              <\/div>\r\n              <div class=\"gbFlagAndBrowser\">\r\n                              <\/div>\r\n            <\/td>\r\n          <\/tr>\r\n          <tr>\r\n            <td class=\"gbEntryContent\">\r\n              <p>Wow, det var en riktig k\u00e4ftsm\u00e4ll till svar !<br \/>\nBeklagar att jag inte citerat dig ordagrant, men jag utg\u00e5r fr\u00e5n att du f\u00f6rst\u00e5tt min text ?<br \/>\nTror att jag avslutar mina inl\u00e4gg nu, innan v\u00e5r korrespondens eskalerar till n\u00e5gon sorts &#8220;pajkastning&#8221;.<br \/>\nKommer dock forts\u00e4ttningsvis vara fr\u00e5gande till din tidigare \u00e5sikt att f\u00f6r att r\u00e4dda  R\u00f6\u00e5n, s\u00e5 var du pro f\u00f6r vindkraft.<br \/>\nBosse<\/p>\n            <\/td>\r\n          <\/tr>\r\n          <tr>\r\n            <td class=\"gbEntryBottom\">\r\n                              <img decoding=\"async\" alt=\"\" src=\"https:\/\/roan.junselebyar.se\/nyheter\/wp-content\/plugins\/wp-vipergb\/img\/email.gif\" \/> &lt;Visas ej&gt;<br \/>\r\n                                        <\/td>\r\n          <\/tr>\r\n        <\/table>\r\n            <span id=\"gbCredit\">Powered by WP-ViperGB<\/span><\/div>","protected":false},"excerpt":{"rendered":"<p>Visa G\u00e4stbok | Skriv i G\u00e4stbok&laquo; prev12345&#8230;1920next &raquo; Entry#: 194 Datum: m\u00e5ndag20:3409.02.2026 test Test &lt;Visas ej&gt; Entry#: 193 Datum: torsdag23:4220.01.2022 Helena Sp\u00e4nnande l\u00e4sning om R\u00f6\u00e5n. &lt;Visas ej&gt; Entry#: 192 Datum: m\u00e5ndag19:2823.12.2019 Vanja Tarberg God Jul och Gott Nytt \u00c5r \u00f6nskar Vanja och S\u00f6ren i L\u00e5ngsele &lt;Visas ej&gt; Entry#: 191 Datum: torsdag18:3619.12.2019 Jacke Hej byalaget och [&hellip;]<\/p>\n","protected":false},"author":1,"featured_media":0,"parent":0,"menu_order":12,"comment_status":"open","ping_status":"open","template":"","meta":{"footnotes":""},"class_list":["post-649","page","type-page","status-publish","hentry"],"_links":{"self":[{"href":"https:\/\/roan.junselebyar.se\/index.php?rest_route=\/wp\/v2\/pages\/649","targetHints":{"allow":["GET"]}}],"collection":[{"href":"https:\/\/roan.junselebyar.se\/index.php?rest_route=\/wp\/v2\/pages"}],"about":[{"href":"https:\/\/roan.junselebyar.se\/index.php?rest_route=\/wp\/v2\/types\/page"}],"author":[{"embeddable":true,"href":"https:\/\/roan.junselebyar.se\/index.php?rest_route=\/wp\/v2\/users\/1"}],"replies":[{"embeddable":true,"href":"https:\/\/roan.junselebyar.se\/index.php?rest_route=%2Fwp%2Fv2%2Fcomments&post=649"}],"version-history":[{"count":3,"href":"https:\/\/roan.junselebyar.se\/index.php?rest_route=\/wp\/v2\/pages\/649\/revisions"}],"predecessor-version":[{"id":652,"href":"https:\/\/roan.junselebyar.se\/index.php?rest_route=\/wp\/v2\/pages\/649\/revisions\/652"}],"wp:attachment":[{"href":"https:\/\/roan.junselebyar.se\/index.php?rest_route=%2Fwp%2Fv2%2Fmedia&parent=649"}],"curies":[{"name":"wp","href":"https:\/\/api.w.org\/{rel}","templated":true}]}}