{"id":67,"date":"2010-08-12T21:11:45","date_gmt":"2010-08-12T19:11:45","guid":{"rendered":"http:\/\/roan.junselebyar.se\/nyheter\/?page_id=67"},"modified":"2010-10-08T20:31:27","modified_gmt":"2010-10-08T18:31:27","slug":"arkiv","status":"publish","type":"page","link":"https:\/\/roan.junselebyar.se\/?page_id=67","title":{"rendered":"Arkiv"},"content":{"rendered":"<p>H\u00e4r i arkivet \u00e4r det t\u00e4nkt att fotografier och annan dokumentation om byn skall samlas. M\u00e5nga bybor har gamla fotografier och de kan visas h\u00e4r under respektive \u00e4gares namn. Vidare har vi Britt och Mias genomg\u00e5ng av byns hus och de som har bott i dem genom \u00e5ren.<\/p>\n<p>Stort Tack till alla intresserade, som v\u00e4lvilligt st\u00e4ller sitt material till hemsidans f\u00f6rfogande.<\/p>\n<table style=\"width: 496px; height: 214px;\" border=\"0\" cellspacing=\"5\" width=\"496\">\n<tbody>\n<tr>\n<td><strong><a href=\"http:\/\/roan.junselebyar.se\/hus.html\" target=\"_blank\">Genomg\u00e5ng av byns hus (Britt och Mia)<\/a><\/strong><\/td>\n<td><strong><a href=\"http:\/\/roan.junselebyar.se\/arkivsnofrivinter.html\" target=\"_blank\">Vintern 1924-1925<\/a><\/strong><\/td>\n<\/tr>\n<tr>\n<td><strong><a href=\"http:\/\/roan.junselebyar.se\/nostalgi.html\" target=\"_blank\">G\u00f6ran Hahnes album svart-vitt<\/a><\/strong><\/td>\n<td><strong><a href=\"http:\/\/roan.junselebyar.se\/mystiskerojaren.html\" target=\"_blank\">G\u00f6rans anknytning till Gulins<\/a><\/strong><\/td>\n<\/tr>\n<tr>\n<td><strong><a href=\"http:\/\/roan.junselebyar.se\/arkivviktoriasjodin.html\" target=\"_blank\">Viktoria Sj\u00f6dins album<\/a><\/strong><\/td>\n<td><strong><a href=\"http:\/\/roan.junselebyar.se\/arkivvalnaden.html\" target=\"_blank\">V\u00e5lnaden<\/a><\/strong><\/td>\n<\/tr>\n<tr>\n<td><strong><a href=\"http:\/\/roan.junselebyar.se\/arkivnickesbilder.html\" target=\"_blank\">Nickes album<\/a><\/strong><\/td>\n<td><strong><a href=\"http:\/\/roan.junselebyar.se\/fetisdag.html\" target=\"_blank\">Fetisdagen<\/a><\/strong><\/td>\n<\/tr>\n<tr>\n<td><strong><a href=\"http:\/\/roan.junselebyar.se\/gretasfotos.html\" target=\"_blank\">Gretas album<\/a><\/strong><\/td>\n<td><strong><a href=\"http:\/\/roan.junselebyar.se\/arkivgalors.html\" target=\"_blank\">Galorser<\/a><\/strong><\/td>\n<\/tr>\n<tr>\n<td><strong><a href=\"http:\/\/roan.junselebyar.se\/arkivstickansfotos.html\" target=\"_blank\">Stig-Ingvars album<\/a><\/strong><\/td>\n<td><a href=\"http:\/\/roan.junselebyar.se\/arkivhundskatt.html\" target=\"_blank\"><strong>Hundskatt<\/strong><\/a><\/td>\n<\/tr>\n<tr>\n<td><strong><a href=\"http:\/\/roan.junselebyar.se\/arkivstenmarksfotos.html\" target=\"_blank\">G\u00f6ran Stenmarks album<\/a><\/strong><\/td>\n<td><strong><a href=\"http:\/\/roan.junselebyar.se\/arkivkorkontrakt.html\" target=\"_blank\">K\u00f6rkontrakt<\/a><\/strong><\/td>\n<\/tr>\n<tr>\n<td><strong><a href=\"http:\/\/roan.junselebyar.se\/arkivkurtsfotos.html\" target=\"_blank\">Kurts album<\/a><\/strong><\/td>\n<td>\u00a0<\/td>\n<\/tr>\n<tr>\n<td><strong><a href=\"http:\/\/roan.junselebyar.se\/arkivovriga.html\" target=\"_blank\">\u00d6vriga<\/a><\/strong><\/td>\n<td>\u00a0<\/td>\n<\/tr>\n<\/tbody>\n<\/table>\n<p>Alla ni som har gamla fotografier, kontakta oss! <span>\u00c4ven ber\u00e4ttelser och historier \u00e4r av intresse.<\/span><\/p>\n","protected":false},"excerpt":{"rendered":"<p>H\u00e4r i arkivet \u00e4r det t\u00e4nkt att fotografier och annan dokumentation om byn skall samlas. M\u00e5nga bybor har gamla fotografier och de kan visas h\u00e4r under respektive \u00e4gares namn. Vidare har vi Britt och Mias genomg\u00e5ng av byns hus och de som har bott i dem genom \u00e5ren. Stort Tack till alla intresserade, som v\u00e4lvilligt [&hellip;]<\/p>\n","protected":false},"author":1,"featured_media":0,"parent":0,"menu_order":8,"comment_status":"open","ping_status":"open","template":"","meta":{"footnotes":""},"class_list":["post-67","page","type-page","status-publish","hentry"],"_links":{"self":[{"href":"https:\/\/roan.junselebyar.se\/index.php?rest_route=\/wp\/v2\/pages\/67","targetHints":{"allow":["GET"]}}],"collection":[{"href":"https:\/\/roan.junselebyar.se\/index.php?rest_route=\/wp\/v2\/pages"}],"about":[{"href":"https:\/\/roan.junselebyar.se\/index.php?rest_route=\/wp\/v2\/types\/page"}],"author":[{"embeddable":true,"href":"https:\/\/roan.junselebyar.se\/index.php?rest_route=\/wp\/v2\/users\/1"}],"replies":[{"embeddable":true,"href":"https:\/\/roan.junselebyar.se\/index.php?rest_route=%2Fwp%2Fv2%2Fcomments&post=67"}],"version-history":[{"count":19,"href":"https:\/\/roan.junselebyar.se\/index.php?rest_route=\/wp\/v2\/pages\/67\/revisions"}],"predecessor-version":[{"id":69,"href":"https:\/\/roan.junselebyar.se\/index.php?rest_route=\/wp\/v2\/pages\/67\/revisions\/69"}],"wp:attachment":[{"href":"https:\/\/roan.junselebyar.se\/index.php?rest_route=%2Fwp%2Fv2%2Fmedia&parent=67"}],"curies":[{"name":"wp","href":"https:\/\/api.w.org\/{rel}","templated":true}]}}